{"id":202,"date":"2021-02-17T07:33:21","date_gmt":"2021-02-17T07:33:21","guid":{"rendered":"https:\/\/loma-kesra.fi\/?page_id=202"},"modified":"2021-03-24T07:53:45","modified_gmt":"2021-03-24T07:53:45","slug":"hinnasto-ja-saannot","status":"publish","type":"page","link":"https:\/\/loma-kesra.fi\/index.php\/hinnasto-ja-saannot\/","title":{"rendered":"Hinnasto ja S\u00e4\u00e4nn\u00f6t"},"content":{"rendered":"\n<p><strong>RANTAFOONINKI<\/strong><\/p>\n\n\n\n<figure class=\"wp-block-table\"><table><tbody><tr><td>VIIKKO<\/td><td>730 \u20ac<\/td><\/tr><tr><td>3 VRK<\/td><td>410 \u20ac<\/td><\/tr><tr><td>2 VRK<\/td><td>330 \u20ac<\/td><\/tr><tr><td>1 VRK<\/td><td>190 \u20ac<\/td><\/tr><tr><td>ILTATILAISUUS<\/td><td>130 \u20ac<\/td><\/tr><tr><td><em>LIINAVAATTEET<\/em><\/td><td>10 \u20ac \/ HL\u00d6<\/td><\/tr><tr><td><em>LOPPUSIIVOUS<\/em><\/td><td>80 \u20ac<\/td><\/tr><\/tbody><\/table><figcaption>Liinavaatteet asiakas voi my\u00f6s tuoda itse. Loppusiivouksen asiakas voi my\u00f6s hoitaa itse.<\/figcaption><\/figure>\n\n\n\n<figure class=\"wp-block-table\"><table><tbody><tr><td>SAVUSAUNAN L\u00c4MMITYS<\/td><td>150 \u20ac<\/td><\/tr><\/tbody><\/table><figcaption>Rantafooninkim\u00f6kin yhteydess\u00e4 olevan savusaunan l\u00e4mmitys kest\u00e4\u00e4 koko p\u00e4iv\u00e4n, muista tilata l\u00e4mmitys ajoissa tai jo m\u00f6kin vuokrauksen yhteydess\u00e4.<\/figcaption><\/figure>\n\n\n\n<p class=\"has-text-align-center\"><a href=\"https:\/\/loma-kesra.fi\/index.php\/yhteystiedot\/\">VARAA M\u00d6KKI OTTAMALLA YHTEYTT\u00c4<\/a><\/p>\n\n\n\n<p><strong>HELLUKELO <em>JA<\/em> MIILUKAS<\/strong><\/p>\n\n\n\n<figure class=\"wp-block-table\"><table><tbody><tr><td>VIIKKO<\/td><td>420 \u20ac<\/td><\/tr><tr><td>3 VRK<\/td><td>240 \u20ac<\/td><\/tr><tr><td>2 VRK<\/td><td>170 \u20ac<\/td><\/tr><tr><td>1 VRK<\/td><td>95 \u20ac<\/td><\/tr><tr><td>ILTATILAISUUS<\/td><td>70 \u20ac<\/td><\/tr><tr><td><em>LIINAVAATTEET<\/em><\/td><td>10 \u20ac \/ HL\u00d6<\/td><\/tr><tr><td><em>LOPPUSIIVOUS<\/em><\/td><td>50 \u20ac<\/td><\/tr><\/tbody><\/table><figcaption>Liinavaatteet asiakas voi my\u00f6s tuoda itse. Loppusiivouksen asiakas voi my\u00f6s hoitaa itse.<\/figcaption><\/figure>\n\n\n\n<p class=\"has-text-align-center\"><a href=\"https:\/\/loma-kesra.fi\/index.php\/yhteystiedot\/\">VARAA M\u00d6KKI OTTAMALLA YHTEYTT\u00c4<\/a><\/p>\n\n\n\n<p><strong>SIMPSI\u00d6 A (Lapua)<\/strong><\/p>\n\n\n\n<p>Sesonki vko 20-31 (<em>30.5.2021 &#8211; 8.8.2021<\/em>) , vko 50-52 (<em>13.12.2021-2.1.2022<\/em>)<\/p>\n\n\n\n<figure class=\"wp-block-table\"><table><tbody><tr><td>VIIKKO<\/td><td>490 \u20ac<\/td><\/tr><tr><td>3 VRK<\/td><td>280 \u20ac<\/td><\/tr><tr><td>2 VRK<\/td><td>210 \u20ac<\/td><\/tr><tr><td><em>Ei yksitt\u00e4isi\u00e4 \u00f6it\u00e4 sesonkina.<\/em><\/td><td>&#8211;<\/td><\/tr><tr><td><em>LIINAVAATTEET<\/em><\/td><td>10 \u20ac \/ HL\u00d6<\/td><\/tr><tr><td><em>LOPPUSIIVOUS<\/em><\/td><td>80 \u20ac<\/td><\/tr><\/tbody><\/table><\/figure>\n\n\n\n<p>Muina aikoina<\/p>\n\n\n\n<figure class=\"wp-block-table\"><table><tbody><tr><td>VIIKKO<\/td><td>420 \u20ac<\/td><\/tr><tr><td>3 VRK<\/td><td>250 \u20ac<\/td><\/tr><tr><td>2 VRK<\/td><td>190 \u20ac<\/td><\/tr><tr><td>1 VRK<\/td><td>115 \u20ac<\/td><\/tr><tr><td><em>LIINAVAATTEET<\/em><\/td><td>10 \u20ac \/ HL\u00d6<\/td><\/tr><tr><td><em>LOPPUSIIVOUS<\/em><\/td><td>80 \u20ac<\/td><\/tr><\/tbody><\/table><figcaption>Liinavaatteet asiakas voi my\u00f6s tuoda itse. Loppusiivouksen asiakas voi my\u00f6s hoitaa itse.<\/figcaption><\/figure>\n\n\n\n<p class=\"has-text-align-center\"><a href=\"https:\/\/loma-kesra.fi\/index.php\/yhteystiedot\/\">VARAA M\u00d6KKI OTTAMALLA YHTEYTT\u00c4<\/a><\/p>\n\n\n\n<p><strong>SIMPSI\u00d6 B (Lapua)<\/strong><\/p>\n\n\n\n<p>Sesonki vko 20-31 (<em>30.5.2021 &#8211; 8.8.2021<\/em>) , vko 50-52 (<em>13.12.2021-2.1.2022<\/em>)<\/p>\n\n\n\n<figure class=\"wp-block-table\"><table><tbody><tr><td>VIIKKO<\/td><td>420 \u20ac<\/td><\/tr><tr><td>3 VRK<\/td><td>250 \u20ac<\/td><\/tr><tr><td>2 VRK<\/td><td>180 \u20ac<\/td><\/tr><tr><td><em>Ei yksitt\u00e4isi\u00e4 \u00f6it\u00e4 sesonkina.<\/em><\/td><td>&#8211;<\/td><\/tr><tr><td><em>LIINAVAATTEET<\/em><\/td><td>10 \u20ac \/ HL\u00d6<\/td><\/tr><tr><td><em>LOPPUSIIVOUS<\/em><\/td><td>80 \u20ac<\/td><\/tr><\/tbody><\/table><\/figure>\n\n\n\n<p>Muina aikoina<\/p>\n\n\n\n<figure class=\"wp-block-table\"><table><tbody><tr><td>VIIKKO<\/td><td>350 \u20ac<\/td><\/tr><tr><td>3 VRK<\/td><td>220 \u20ac<\/td><\/tr><tr><td>2 VRK<\/td><td>160 \u20ac<\/td><\/tr><tr><td>1 VRK<\/td><td>95 \u20ac<\/td><\/tr><tr><td><em>LIINAVAATTEET<\/em><\/td><td>10 \u20ac \/ HL\u00d6<\/td><\/tr><tr><td><em>LOPPUSIIVOUS<\/em><\/td><td>80 \u20ac<\/td><\/tr><\/tbody><\/table><figcaption>Liinavaatteet asiakas voi my\u00f6s tuoda itse. Loppusiivouksen asiakas voi my\u00f6s hoitaa itse.<\/figcaption><\/figure>\n\n\n\n<p class=\"has-text-align-center\"><a href=\"https:\/\/loma-kesra.fi\/index.php\/yhteystiedot\/\">VARAA M\u00d6KKI OTTAMALLA YHTEYTT\u00c4<\/a><\/p>\n\n\n\n<h2 class=\"wp-block-heading\">S\u00e4\u00e4nn\u00f6t<\/h2>\n\n\n\n<ul class=\"wp-block-list\"><li>Varauksen tekev\u00e4n henkil\u00f6n on oltava v\u00e4hint\u00e4\u00e4n 20 vuotta t\u00e4ytt\u00e4nyt ja h\u00e4nen on my\u00f6s itse majoituttava kyseiseen m\u00f6kkiin.<\/li><li>Varauksen tehnyt henkil\u00f6 ei voi vuokrata m\u00f6kki\u00e4 kolmannelle osapuolelle.<\/li><li>Varauksen tehnyt henkil\u00f6 on velvollinen luovuttamaan tarvittavat yhteys- ja henkil\u00f6tiedot varauksen yhteydess\u00e4.<\/li><li>Varauksen yhteydess\u00e4 sovitaan hinnasta ja miten se suoritetaan.<\/li><li>M\u00f6kkihuoneistossa oleskelu on sallittu vain vuokrauksen tehneelle seurueelle, mahdollisista vierailijoista on sovittava varauksen yhteydess\u00e4 erikseen. Esim. rantafooningim\u00f6kin isoissa juhlatilaisuuksissa \/ kokoontumisissa t\u00e4m\u00e4 on tietenkin sovittu etuk\u00e4teen.<\/li><li>Oleskelu m\u00f6kkialueella on sallittu vain vuokrauksen tehneill\u00e4.<\/li><li>Hyv\u00e4t tavat on loma-kesrassa kunniassa, joten kunnioitathan naapurisi m\u00f6kkirauhaa ja ns. pihapiiri\u00e4. <\/li><li>Klo 22.00 j\u00e4lkeen huomioidaan, ett\u00e4 naapurim\u00f6keiss\u00e4 olijat saavat h\u00e4iri\u00f6tt\u00f6m\u00e4n mahdollisuuden nukkumiseen ja sen vuoksi siirrytt\u00e4isiin silloin sis\u00e4tiloihin jatkamaan mahdollista &#8221;juhlatunnelmaa&#8221;.<\/li><li>Jos varaajalla on mukana el\u00e4imi\u00e4, esim. koira, on siit\u00e4 sovittava erikseen varausta teht\u00e4ess\u00e4. El\u00e4inten on oltava is\u00e4ntiens\u00e4 jatkuvassa hallinnassa ja oltava tottuneita &#8221;sis\u00e4koiria&#8221;. El\u00e4int\u00e4 ei saa j\u00e4tt\u00e4\u00e4 yksin m\u00f6kkiin, jos sen omistaja poistuu m\u00f6kist\u00e4 tai alueelta.<\/li><li>Jos jonkinlaista h\u00e4ir\u00f6t\u00e4 \/ ep\u00e4j\u00e4rjestyst\u00e4 alueella ilmenee, ilmoitathan siit\u00e4 v\u00e4litt\u00f6m\u00e4sti, ett\u00e4 siihen voidaan puuttua mahdollisimman varhaissessa vaiheessa. <\/li><\/ul>\n\n\n\n<p class=\"has-text-align-center\"><a href=\"https:\/\/loma-kesra.fi\/index.php\/yhteystiedot\/\">VARAA M\u00d6KKI OTTAMALLA YHTEYTT\u00c4<\/a><\/p>\n","protected":false},"excerpt":{"rendered":"<p>RANTAFOONINKI VIIKKO 730 \u20ac 3 VRK 410 \u20ac 2 VRK 330 \u20ac 1 VRK 190 \u20ac ILTATILAISUUS 130 \u20ac LIINAVAATTEET 10 \u20ac \/ HL\u00d6 LOPPUSIIVOUS 80 \u20ac Liinavaatteet asiakas voi my\u00f6s tuoda itse. Loppusiivouksen asiakas voi my\u00f6s hoitaa itse. SAVUSAUNAN L\u00c4MMITYS 150 \u20ac Rantafooninkim\u00f6kin yhteydess\u00e4 olevan savusaunan l\u00e4mmitys kest\u00e4\u00e4 koko p\u00e4iv\u00e4n, muista tilata l\u00e4mmitys ajoissa &hellip; <\/p>\n","protected":false},"author":1,"featured_media":29,"parent":0,"menu_order":0,"comment_status":"closed","ping_status":"closed","template":"","meta":{"footnotes":""},"class_list":["post-202","page","type-page","status-publish","has-post-thumbnail","hentry"],"_links":{"self":[{"href":"https:\/\/loma-kesra.fi\/index.php\/wp-json\/wp\/v2\/pages\/202","targetHints":{"allow":["GET"]}}],"collection":[{"href":"https:\/\/loma-kesra.fi\/index.php\/wp-json\/wp\/v2\/pages"}],"about":[{"href":"https:\/\/loma-kesra.fi\/index.php\/wp-json\/wp\/v2\/types\/page"}],"author":[{"embeddable":true,"href":"https:\/\/loma-kesra.fi\/index.php\/wp-json\/wp\/v2\/users\/1"}],"replies":[{"embeddable":true,"href":"https:\/\/loma-kesra.fi\/index.php\/wp-json\/wp\/v2\/comments?post=202"}],"version-history":[{"count":8,"href":"https:\/\/loma-kesra.fi\/index.php\/wp-json\/wp\/v2\/pages\/202\/revisions"}],"predecessor-version":[{"id":226,"href":"https:\/\/loma-kesra.fi\/index.php\/wp-json\/wp\/v2\/pages\/202\/revisions\/226"}],"wp:featuredmedia":[{"embeddable":true,"href":"https:\/\/loma-kesra.fi\/index.php\/wp-json\/wp\/v2\/media\/29"}],"wp:attachment":[{"href":"https:\/\/loma-kesra.fi\/index.php\/wp-json\/wp\/v2\/media?parent=202"}],"curies":[{"name":"wp","href":"https:\/\/api.w.org\/{rel}","templated":true}]}}